{"id":33,"date":"2019-03-27T16:18:45","date_gmt":"2019-03-27T15:18:45","guid":{"rendered":"https:\/\/projets.litislab.fr\/api\/?page_id=33"},"modified":"2024-11-10T18:55:13","modified_gmt":"2024-11-10T17:55:13","slug":"the-team","status":"publish","type":"page","link":"https:\/\/projets.litislab.fr\/api\/the-team\/","title":{"rendered":"The Team"},"content":{"rendered":"\n<p><strong>APi&#8217;s consortium:<\/strong><\/p>\n\n\n\n<ul class=\"wp-block-list\">\n<li>LITIS (Laboratoire d&#8217;Informatique, du Traitement de l&#8217;Information et des Syst\u00e8mes, Rouen), Universit\u00e9 de Rouen &amp; INSA Rouen<\/li>\n\n\n\n<li>LIG (Laboratoire d&#8217;Informatique de Grenoble),&nbsp;Universit\u00e9 Grenoble Alpes<\/li>\n\n\n\n<li>LTCI (Laboratoire de Traitement et Communication de l&#8217;Information ),&nbsp;T\u00e9l\u00e9com Paris, Institut Polytechnique de Paris<\/li>\n<\/ul>\n\n\n\n<p>Main contributors in <strong>bold<\/strong>.<\/p>\n\n\n\n<figure class=\"wp-block-table aligncenter alignleft\"><table><tbody><tr><td class=\"has-text-align-left\" data-align=\"left\">LITIS<\/td><td>St\u00e9phane Canu<\/td><td>INSA Rouen<\/td><\/tr><tr><td class=\"has-text-align-left\" data-align=\"left\">LITIS<\/td><td>Pierre H\u00e9roux<\/td><td>Universit\u00e9 de Rouen<\/td><\/tr><tr><td class=\"has-text-align-left\" data-align=\"left\">LITIS<\/td><td><strong>Beno\u00eet Ga\u00fcz\u00e8re<\/strong><\/td><td>INSA Rouen<\/td><\/tr><tr><td class=\"has-text-align-left\" data-align=\"left\">LITIS<\/td><td>Caroline Petitjean<\/td><td>Universit\u00e9 de Rouen<\/td><\/tr><tr><td class=\"has-text-align-left\" data-align=\"left\">LITIS<\/td><td>S\u00e9bastien Adam<\/td><td>Universit\u00e9 de Rouen<\/td><\/tr><tr><td class=\"has-text-align-left\" data-align=\"left\">LITIS<\/td><td><strong>Linlin Jia<\/strong><\/td><td>PhD student, INSA Rouen<\/td><\/tr><tr><td class=\"has-text-align-left\" data-align=\"left\">LITIS<\/td><td>Rosana El Jurdi<\/td><td>PhD student,&nbsp;Universit\u00e9 de Rouen<\/td><\/tr><tr><td class=\"has-text-align-left\" data-align=\"left\">LITIS<\/td><td><strong>Cl\u00e9ment Gl\u00e9del<\/strong><\/td><td>PhD student (09\/2020-&#8230;),&nbsp;Universit\u00e9 de Rouen<\/td><\/tr><tr><td class=\"has-text-align-left\" data-align=\"left\">LITIS<\/td><td><strong>Muhammet Balcilar<\/strong><\/td><td>Post-doc (9\/2019-4\/2021), Universit\u00e9 de Rouen<\/td><\/tr><\/tbody><\/table><\/figure>\n\n\n\n<figure class=\"wp-block-table aligncenter alignleft\"><table><tbody><tr><td><strong>LIG<\/strong><\/td><td><strong>Ahlame Douzal<\/strong><\/td><td><strong>Universit\u00e9 Grenoble Alpes<\/strong><\/td><\/tr><tr><td>LIG<\/td><td>Emilie Devijier<\/td><td>Universit\u00e9 Grenoble Alpes<\/td><\/tr><tr><td>LIG<\/td><td>Eric Gaussier<\/td><td>Universit\u00e9 Grenoble Alpes<\/td><\/tr><tr><td>LIG<\/td><td>Massih Amini<\/td><td>Universit\u00e9 Grenoble Alpes<\/td><\/tr><tr><td>LIG<\/td><td><strong>Tran Thi Phuong<\/strong><\/td><td>PhD student, Universit\u00e9 Grenoble Alpes<\/td><\/tr><tr><td>LIG<\/td><td><strong>Saeed Varasteh-Yazdi<\/strong><\/td><td>Post-doc (10\/2020-08\/2022), Universit\u00e9 Grenoble Alpes<\/td><\/tr><\/tbody><\/table><\/figure>\n\n\n\n<figure class=\"wp-block-table aligncenter alignleft\"><table><tbody><tr><td><strong>LTCI<\/strong><\/td><td><strong>Florence d&#8217;Alch\u00e9-Buc<\/strong><\/td><td><strong>T\u00e9l\u00e9com Paris (Institut Polytechnique de Paris)<\/strong><\/td><\/tr><tr><td>LTCI<\/td><td>Stephan Cl\u00e9men\u00e7on<\/td><td>T\u00e9l\u00e9com Paris<\/td><\/tr><tr><td>LTCI<\/td><td>Slim Essid<\/td><td>T\u00e9l\u00e9com Paris<\/td><\/tr><tr><td>LTCI<\/td><td>Maxime Sangnier<\/td><td>LSTA, UPMC<\/td><\/tr><tr><td>LTCI<\/td><td>Alexandre Garcia<\/td><td>PhD student, T\u00e9l\u00e9com Paris<\/td><\/tr><tr><td>LTCI<\/td><td>Pierre Laforgue<\/td><td>PhD student, T\u00e9l\u00e9com Paris<\/td><\/tr><tr><td>LTCI<\/td><td><strong>Luc Motte<\/strong><\/td><td>PhD student (10\/2019-10\/2022), T\u00e9l\u00e9com Paris<\/td><\/tr><\/tbody><\/table><\/figure>\n","protected":false},"excerpt":{"rendered":"<p>APi&#8217;s consortium: Main contributors in bold. LITIS St\u00e9phane Canu INSA Rouen LITIS Pierre H\u00e9roux Universit\u00e9 de Rouen LITIS Beno\u00eet Ga\u00fcz\u00e8re INSA Rouen LITIS Caroline Petitjean Universit\u00e9 de Rouen LITIS S\u00e9bastien Adam Universit\u00e9 de Rouen LITIS Linlin Jia PhD student, INSA Rouen LITIS Rosana El Jurdi PhD student,&nbsp;Universit\u00e9 de Rouen LITIS Cl\u00e9ment Gl\u00e9del PhD student (09\/2020-&#8230;),&nbsp;Universit\u00e9 &hellip; <a href=\"https:\/\/projets.litislab.fr\/api\/the-team\/\" class=\"more-link\">Continue reading <span class=\"screen-reader-text\">The Team<\/span> <span class=\"meta-nav\">&rarr;<\/span><\/a><\/p>\n","protected":false},"author":1,"featured_media":0,"parent":0,"menu_order":1,"comment_status":"closed","ping_status":"closed","template":"","meta":{"footnotes":""},"class_list":["post-33","page","type-page","status-publish","hentry"],"_links":{"self":[{"href":"https:\/\/projets.litislab.fr\/api\/wp-json\/wp\/v2\/pages\/33","targetHints":{"allow":["GET"]}}],"collection":[{"href":"https:\/\/projets.litislab.fr\/api\/wp-json\/wp\/v2\/pages"}],"about":[{"href":"https:\/\/projets.litislab.fr\/api\/wp-json\/wp\/v2\/types\/page"}],"author":[{"embeddable":true,"href":"https:\/\/projets.litislab.fr\/api\/wp-json\/wp\/v2\/users\/1"}],"replies":[{"embeddable":true,"href":"https:\/\/projets.litislab.fr\/api\/wp-json\/wp\/v2\/comments?post=33"}],"version-history":[{"count":5,"href":"https:\/\/projets.litislab.fr\/api\/wp-json\/wp\/v2\/pages\/33\/revisions"}],"predecessor-version":[{"id":38,"href":"https:\/\/projets.litislab.fr\/api\/wp-json\/wp\/v2\/pages\/33\/revisions\/38"}],"wp:attachment":[{"href":"https:\/\/projets.litislab.fr\/api\/wp-json\/wp\/v2\/media?parent=33"}],"curies":[{"name":"wp","href":"https:\/\/api.w.org\/{rel}","templated":true}]}}