{"id":2,"date":"2024-06-06T13:33:57","date_gmt":"2024-06-06T11:33:57","guid":{"rendered":"https:\/\/projets.litislab.fr\/catch\/?page_id=2"},"modified":"2024-11-17T19:10:55","modified_gmt":"2024-11-17T18:10:55","slug":"page-d-exemple","status":"publish","type":"page","link":"https:\/\/projets.litislab.fr\/catch\/","title":{"rendered":"Le projet CATCH"},"content":{"rendered":"\n<p class=\"has-large-font-size\">L&rsquo;IA pour comprendre les t\u00e9moignages \u00e9crits de la population<\/p>\n\n\n\n<p>Ce projet sur 24 mois, financ\u00e9 \u00e0 hauteur de 199 989,20\u20ac par l&rsquo;ANR et la r\u00e9gion Normandie, f\u00e9d\u00e8re des chercheurs en intelligence artificielle du laboratoire <a href=\"http:\/\/www.litislab.fr\">LITIS<\/a>, des experts de l&rsquo;entreprise <a href=\"http:\/\/www.saagie.com\">Saagie<\/a> sp\u00e9cialis\u00e9e dans le d\u00e9ploiement de projets data et IA et <a href=\"http:\/\/www.atmonormandie.fr\">Atmo Normandie<\/a>, l\u2019association agr\u00e9\u00e9e de surveillance de la qualit\u00e9 de l\u2019air en Normandie. Il vise \u00e0 d\u00e9velopper des solutions d&rsquo;Intelligence Artificielle (IA) &#8212; plus sp\u00e9cifiquement d&rsquo;apprentissage profond (<em>Deep Learning<\/em>) &#8212; pour collecter, analyser et comprendre automatiquement les t\u00e9moignages \u00e9crits d&rsquo;une population urbaine impact\u00e9e par les cons\u00e9quences environnementales et sanitaires d&rsquo;un accident industriel.<\/p>\n<p>Le projet de recherche CATCH b\u00e9n\u00e9ficie du programme de financement RA-SIOMRI 2021 (Recherche Action &#8211; Solutions Innovantes et op\u00e9rationnelles dans la Maitrise des Risques Industriels en milieu urbain et denses), financ\u00e9 par l&rsquo;Agence Nationale de la Recherche (ANR) et la r\u00e9gion Normandie dans le cadre de la subvention ANR-21-SIOM-0011.<\/p>\n\n\n\n<figure class=\"wp-block-embed is-type-video is-provider-youtube wp-block-embed-youtube wp-embed-aspect-16-9 wp-has-aspect-ratio\"><div class=\"wp-block-embed__wrapper\">\n<iframe loading=\"lazy\" title=\"Projet CATCH : Un partenariat de longue date, LITIS, ATMO et Saagie\" width=\"640\" height=\"360\" src=\"https:\/\/www.youtube.com\/embed\/dP4CnAnoZ_s?feature=oembed\" frameborder=\"0\" allow=\"accelerometer; autoplay; clipboard-write; encrypted-media; gyroscope; picture-in-picture; web-share\" referrerpolicy=\"strict-origin-when-cross-origin\" allowfullscreen><\/iframe>\n<\/div><\/figure>\n\n\n\n<div class=\"wp-block-columns is-layout-flex wp-container-core-columns-is-layout-9d6595d7 wp-block-columns-is-layout-flex\">\n<div class=\"wp-block-column is-layout-flow wp-block-column-is-layout-flow\">\n<figure class=\"wp-block-image size-full\"><img loading=\"lazy\" decoding=\"async\" width=\"1024\" height=\"416\" src=\"https:\/\/projets.litislab.fr\/catch\/wp-content\/uploads\/sites\/6\/2024\/10\/logo_litis-3-1024x416-1.png\" alt=\"\" class=\"wp-image-10\" srcset=\"https:\/\/projets.litislab.fr\/catch\/wp-content\/uploads\/sites\/6\/2024\/10\/logo_litis-3-1024x416-1.png 1024w, https:\/\/projets.litislab.fr\/catch\/wp-content\/uploads\/sites\/6\/2024\/10\/logo_litis-3-1024x416-1-300x122.png 300w, https:\/\/projets.litislab.fr\/catch\/wp-content\/uploads\/sites\/6\/2024\/10\/logo_litis-3-1024x416-1-768x312.png 768w\" sizes=\"auto, (max-width: 1024px) 100vw, 1024px\" \/><\/figure>\n<\/div>\n\n\n\n<div class=\"wp-block-column is-layout-flow wp-block-column-is-layout-flow\">\n<figure class=\"wp-block-image size-full\"><img loading=\"lazy\" decoding=\"async\" width=\"768\" height=\"256\" src=\"https:\/\/projets.litislab.fr\/catch\/wp-content\/uploads\/sites\/6\/2024\/10\/logo_saagie_bleu.png\" alt=\"\" class=\"wp-image-12\" srcset=\"https:\/\/projets.litislab.fr\/catch\/wp-content\/uploads\/sites\/6\/2024\/10\/logo_saagie_bleu.png 768w, https:\/\/projets.litislab.fr\/catch\/wp-content\/uploads\/sites\/6\/2024\/10\/logo_saagie_bleu-300x100.png 300w\" sizes=\"auto, (max-width: 768px) 100vw, 768px\" \/><\/figure>\n<\/div>\n\n\n\n<div class=\"wp-block-column is-layout-flow wp-block-column-is-layout-flow\">\n<figure class=\"wp-block-image size-full\"><img loading=\"lazy\" decoding=\"async\" width=\"844\" height=\"429\" src=\"https:\/\/projets.litislab.fr\/catch\/wp-content\/uploads\/sites\/6\/2024\/10\/logo_atmo-3.png\" alt=\"\" class=\"wp-image-9\" srcset=\"https:\/\/projets.litislab.fr\/catch\/wp-content\/uploads\/sites\/6\/2024\/10\/logo_atmo-3.png 844w, https:\/\/projets.litislab.fr\/catch\/wp-content\/uploads\/sites\/6\/2024\/10\/logo_atmo-3-300x152.png 300w, https:\/\/projets.litislab.fr\/catch\/wp-content\/uploads\/sites\/6\/2024\/10\/logo_atmo-3-768x390.png 768w\" sizes=\"auto, (max-width: 844px) 100vw, 844px\" \/><\/figure>\n<\/div>\n\n\n\n<div class=\"wp-block-column is-layout-flow wp-block-column-is-layout-flow\">\n<figure class=\"wp-block-image size-full\"><img loading=\"lazy\" decoding=\"async\" width=\"1024\" height=\"390\" src=\"https:\/\/projets.litislab.fr\/catch\/wp-content\/uploads\/sites\/6\/2024\/10\/logo_anr-3-1024x390-1.jpg\" alt=\"\" class=\"wp-image-8\" srcset=\"https:\/\/projets.litislab.fr\/catch\/wp-content\/uploads\/sites\/6\/2024\/10\/logo_anr-3-1024x390-1.jpg 1024w, https:\/\/projets.litislab.fr\/catch\/wp-content\/uploads\/sites\/6\/2024\/10\/logo_anr-3-1024x390-1-300x114.jpg 300w, https:\/\/projets.litislab.fr\/catch\/wp-content\/uploads\/sites\/6\/2024\/10\/logo_anr-3-1024x390-1-768x293.jpg 768w\" sizes=\"auto, (max-width: 1024px) 100vw, 1024px\" \/><\/figure>\n<\/div>\n\n\n\n<div class=\"wp-block-column is-layout-flow wp-block-column-is-layout-flow\">\n<figure class=\"wp-block-image size-full\"><img loading=\"lazy\" decoding=\"async\" width=\"1024\" height=\"859\" src=\"https:\/\/projets.litislab.fr\/catch\/wp-content\/uploads\/sites\/6\/2024\/10\/logo_normandie-3-1024x859-1.png\" alt=\"\" class=\"wp-image-11\" srcset=\"https:\/\/projets.litislab.fr\/catch\/wp-content\/uploads\/sites\/6\/2024\/10\/logo_normandie-3-1024x859-1.png 1024w, https:\/\/projets.litislab.fr\/catch\/wp-content\/uploads\/sites\/6\/2024\/10\/logo_normandie-3-1024x859-1-300x252.png 300w, https:\/\/projets.litislab.fr\/catch\/wp-content\/uploads\/sites\/6\/2024\/10\/logo_normandie-3-1024x859-1-768x644.png 768w\" sizes=\"auto, (max-width: 1024px) 100vw, 1024px\" \/><\/figure>\n<\/div>\n<\/div>\n\n\n\n<hr class=\"wp-block-separator has-alpha-channel-opacity is-style-wide\"\/>\n\n\n\n<p class=\"has-large-font-size\"><em>The CATCH project: using artificial intelligence to understand people&rsquo;s written testimonies<\/em><\/p>\n\n\n\n<p><em>This 24-month project, funded to the tune of \u20ac199,989.20 by the ANR and the Normandy region, brought together artificial intelligence researchers from the LITIS laboratory, experts from Saagie, a company specialising in the deployment of data and AI projects, and Atmo Normandie, the accredited air quality monitoring association for Normandy. Its aim is to develop Artificial Intelligence (AI) solutions &#8211; more specifically Deep Learning &#8211; to automatically collect, analyse and understand the written testimonies of an urban population affected by the environmental and health consequences of an industrial accident.<\/em><\/p>\n\n\n\n<p><em>The CATCH research project is part of the RA-SIOMRI 2021 funding programme (Innovative and Operational Solutions for the Control of Industrial Risks in Urban and Dense Environments), financed by the Agence Nationale de la Recherche (ANR) and the Normandy Region under the ANR-21-SIOM-0011 grant.<\/em><\/p>\n\n\n\n<p><\/p>\n","protected":false},"excerpt":{"rendered":"<p>L&rsquo;IA pour comprendre les t\u00e9moignages \u00e9crits de la population Ce projet sur 24 mois, financ\u00e9 \u00e0 hauteur de 199 989,20\u20ac par l&rsquo;ANR et la r\u00e9gion Normandie, f\u00e9d\u00e8re des chercheurs en intelligence artificielle du laboratoire LITIS, des experts de l&rsquo;entreprise Saagie sp\u00e9cialis\u00e9e dans le d\u00e9ploiement de projets data et IA et Atmo Normandie, l\u2019association agr\u00e9\u00e9e de &hellip; <\/p>\n<p class=\"link-more\"><a href=\"https:\/\/projets.litislab.fr\/catch\/\" class=\"more-link\">Continuer la lecture <span class=\"screen-reader-text\"> \u00ab\u00a0Le projet CATCH\u00a0\u00bb<\/span><\/a><\/p>\n","protected":false},"author":1,"featured_media":0,"parent":0,"menu_order":0,"comment_status":"closed","ping_status":"closed","template":"","meta":{"footnotes":""},"class_list":["post-2","page","type-page","status-publish","hentry","entry"],"_links":{"self":[{"href":"https:\/\/projets.litislab.fr\/catch\/wp-json\/wp\/v2\/pages\/2","targetHints":{"allow":["GET"]}}],"collection":[{"href":"https:\/\/projets.litislab.fr\/catch\/wp-json\/wp\/v2\/pages"}],"about":[{"href":"https:\/\/projets.litislab.fr\/catch\/wp-json\/wp\/v2\/types\/page"}],"author":[{"embeddable":true,"href":"https:\/\/projets.litislab.fr\/catch\/wp-json\/wp\/v2\/users\/1"}],"replies":[{"embeddable":true,"href":"https:\/\/projets.litislab.fr\/catch\/wp-json\/wp\/v2\/comments?post=2"}],"version-history":[{"count":4,"href":"https:\/\/projets.litislab.fr\/catch\/wp-json\/wp\/v2\/pages\/2\/revisions"}],"predecessor-version":[{"id":15,"href":"https:\/\/projets.litislab.fr\/catch\/wp-json\/wp\/v2\/pages\/2\/revisions\/15"}],"wp:attachment":[{"href":"https:\/\/projets.litislab.fr\/catch\/wp-json\/wp\/v2\/media?parent=2"}],"curies":[{"name":"wp","href":"https:\/\/api.w.org\/{rel}","templated":true}]}}