{"id":22,"date":"2024-06-10T14:12:51","date_gmt":"2024-06-10T12:12:51","guid":{"rendered":"https:\/\/projets.litislab.fr\/catch\/?page_id=22"},"modified":"2024-11-17T19:11:10","modified_gmt":"2024-11-17T18:11:10","slug":"people","status":"publish","type":"page","link":"https:\/\/projets.litislab.fr\/catch\/people\/","title":{"rendered":"People"},"content":{"rendered":"\n<p>Here is a list of all the people who contributed to the CATCH project.<\/p>\n\n\n\n<table style=\"border-collapse: collapse;width: 100%;height: 308px\">\n<tbody>\n<tr style=\"height: 28px\">\n<td style=\"width: 33.3333%;height: 28px\"><a href=\"https:\/\/smnbrnrd.github.io\" target=\"_blank\" rel=\"noopener\">Simon BERNARD<\/a><\/td>\n<td style=\"width: 17.7034%;height: 28px\">LITIS<\/td>\n<td style=\"width: 48.9633%;height: 28px\">Project coordinator<\/td>\n<\/tr>\n<tr style=\"height: 28px\">\n<td style=\"width: 33.3333%;height: 28px\"><a href=\"https:\/\/smnbrnrd.github.io\" target=\"_blank\" rel=\"noopener\">Cl\u00e9ment CHATELAIN<\/a><\/td>\n<td style=\"width: 17.7034%;height: 28px\">LITIS<\/td>\n<td style=\"width: 48.9633%;height: 28px\">Researcher<\/td>\n<\/tr>\n<tr style=\"height: 28px\">\n<td style=\"width: 33.3333%;height: 28px\"><a href=\"https:\/\/scholar.google.fr\/citations?user=FNo3f1QAAAAJ\" target=\"_blank\" rel=\"noopener\">Alexandre PAUCHET<\/a><\/td>\n<td style=\"width: 17.7034%;height: 28px\">LITIS<\/td>\n<td style=\"width: 48.9633%;height: 28px\">Researcher<\/td>\n<\/tr>\n<tr style=\"height: 28px\">\n<td style=\"width: 33.3333%;height: 28px\"><a href=\"https:\/\/www.linkedin.com\/in\/j%C3%A9r%C3%B4me-cortinovis-27953a70\/\" target=\"_blank\" rel=\"noopener\">J\u00e9r\u00f4me CORTINOVIS<\/a><\/td>\n<td style=\"width: 17.7034%;height: 28px\">Atmo Normandie<\/td>\n<td style=\"width: 48.9633%;height: 28px\">Scientific coordinator Atmo<\/td>\n<\/tr>\n<tr style=\"height: 28px\">\n<td style=\"width: 33.3333%;height: 28px\"><a href=\"https:\/\/www.linkedin.com\/in\/romain-picot-clemente-64027660\/\" target=\"_blank\" rel=\"noopener\">Romain PICOT-CLEMENTE<\/a><\/td>\n<td style=\"width: 17.7034%;height: 28px\">Saagie<\/td>\n<td style=\"width: 48.9633%;height: 28px\">Scientific coordinator Saagie<\/td>\n<\/tr>\n<tr style=\"height: 28px\">\n<td style=\"width: 33.3333%;height: 28px\"><a href=\"https:\/\/www.linkedin.com\/in\/miriam-benballa-2636b65b\" target=\"_blank\" rel=\"noopener\">Miriam BENBALA<\/a><\/td>\n<td style=\"width: 17.7034%;height: 28px\">Saagie<\/td>\n<td style=\"width: 48.9633%;height: 28px\">Researcher<\/td>\n<\/tr>\n<tr style=\"height: 28px\">\n<td style=\"width: 33.3333%;height: 28px\"><a href=\"https:\/\/scholar.google.fr\/citations?user=hAS4sMcAAAAJ\" target=\"_blank\" rel=\"noopener\">Usman MALIK<\/a><\/td>\n<td style=\"width: 17.7034%;height: 28px\">LITIS<\/td>\n<td style=\"width: 48.9633%;height: 28px\">Post-doc researcher (recruited for the project)<\/td>\n<\/tr>\n<tr style=\"height: 28px\">\n<td style=\"width: 33.3333%;height: 28px\"><a href=\"https:\/\/www.linkedin.com\/in\/le-shan-shui-yang-219199172\" target=\"_blank\" rel=\"noopener\">Leshanshui YANG<\/a><\/td>\n<td style=\"width: 17.7034%;height: 28px\">Saagie<\/td>\n<td style=\"width: 48.9633%;height: 28px\">PhD Student<\/td>\n<\/tr>\n<tr style=\"height: 28px\">\n<td style=\"width: 33.3333%;height: 28px\"><a href=\"https:\/\/www.linkedin.com\/in\/hugo-lerogeron-510161150\" target=\"_blank\" rel=\"noopener\">Hugo LEROGERON<\/a><\/td>\n<td style=\"width: 17.7034%;height: 28px\">Saagie<\/td>\n<td style=\"width: 48.9633%;height: 28px\">PhD Student<\/td>\n<\/tr>\n<tr style=\"height: 28px\">\n<td style=\"width: 33.3333%;height: 28px\">Eliott THOMAS<\/td>\n<td style=\"width: 17.7034%;height: 28px\">LITIS<\/td>\n<td style=\"width: 48.9633%;height: 28px\">Internship (recruited for the project)<\/td>\n<\/tr>\n<tr style=\"height: 28px\">\n<td style=\"width: 33.3333%;height: 28px\">Ranya TRAIBI<\/td>\n<td style=\"width: 17.7034%;height: 28px\">LITIS<\/td>\n<td style=\"width: 48.9633%;height: 28px\">Internship (recruited for the project)<\/td>\n<\/tr>\n<\/tbody>\n<\/table>\n","protected":false},"excerpt":{"rendered":"<p>Here is a list of all the people who contributed to the CATCH project. Simon BERNARD LITIS Project coordinator Cl\u00e9ment CHATELAIN LITIS Researcher Alexandre PAUCHET LITIS Researcher J\u00e9r\u00f4me CORTINOVIS Atmo Normandie Scientific coordinator Atmo Romain PICOT-CLEMENTE Saagie Scientific coordinator Saagie Miriam BENBALA Saagie Researcher Usman MALIK LITIS Post-doc researcher (recruited for the project) Leshanshui YANG &hellip; <\/p>\n<p class=\"link-more\"><a href=\"https:\/\/projets.litislab.fr\/catch\/people\/\" class=\"more-link\">Continuer la lecture <span class=\"screen-reader-text\"> \u00ab\u00a0People\u00a0\u00bb<\/span><\/a><\/p>\n","protected":false},"author":1,"featured_media":0,"parent":0,"menu_order":0,"comment_status":"closed","ping_status":"closed","template":"","meta":{"footnotes":""},"class_list":["post-22","page","type-page","status-publish","hentry","entry"],"_links":{"self":[{"href":"https:\/\/projets.litislab.fr\/catch\/wp-json\/wp\/v2\/pages\/22","targetHints":{"allow":["GET"]}}],"collection":[{"href":"https:\/\/projets.litislab.fr\/catch\/wp-json\/wp\/v2\/pages"}],"about":[{"href":"https:\/\/projets.litislab.fr\/catch\/wp-json\/wp\/v2\/types\/page"}],"author":[{"embeddable":true,"href":"https:\/\/projets.litislab.fr\/catch\/wp-json\/wp\/v2\/users\/1"}],"replies":[{"embeddable":true,"href":"https:\/\/projets.litislab.fr\/catch\/wp-json\/wp\/v2\/comments?post=22"}],"version-history":[{"count":1,"href":"https:\/\/projets.litislab.fr\/catch\/wp-json\/wp\/v2\/pages\/22\/revisions"}],"predecessor-version":[{"id":23,"href":"https:\/\/projets.litislab.fr\/catch\/wp-json\/wp\/v2\/pages\/22\/revisions\/23"}],"wp:attachment":[{"href":"https:\/\/projets.litislab.fr\/catch\/wp-json\/wp\/v2\/media?parent=22"}],"curies":[{"name":"wp","href":"https:\/\/api.w.org\/{rel}","templated":true}]}}