{"id":49,"date":"2024-11-05T08:23:36","date_gmt":"2024-11-05T07:23:36","guid":{"rendered":"https:\/\/projets.litislab.fr\/llisa\/?page_id=49"},"modified":"2024-11-05T23:39:04","modified_gmt":"2024-11-05T22:39:04","slug":"equipe","status":"publish","type":"page","link":"https:\/\/projets.litislab.fr\/llisa\/presentation\/equipe\/","title":{"rendered":"Equipe"},"content":{"rendered":"\n<figure class=\"wp-block-table\"><table><thead><tr><th class=\"has-text-align-left\" data-align=\"left\"><strong>Nom et Pr\u00e9nom<\/strong><\/th><th class=\"has-text-align-left\" data-align=\"left\"><strong>R\u00f4le<\/strong><\/th><th class=\"has-text-align-left\" data-align=\"left\"><strong>E-mail<\/strong><\/th><\/tr><\/thead><tbody><tr><td class=\"has-text-align-left\" data-align=\"left\">Cl\u00e9ment Chatelain<\/td><td class=\"has-text-align-left\" data-align=\"left\">Directeur<\/td><td class=\"has-text-align-left\" data-align=\"left\">clement.chatelain@insa-rouen.fr<\/td><\/tr><tr><td class=\"has-text-align-left\" data-align=\"left\">Julien Villemeur<\/td><td class=\"has-text-align-left\" data-align=\"left\">Co-Directeur<\/td><td class=\"has-text-align-left\" data-align=\"left\">julien.villemeur@saagie.com<\/td><\/tr><tr><td class=\"has-text-align-left\" data-align=\"left\">Patrick Giroux<\/td><td class=\"has-text-align-left\" data-align=\"left\">Chef de Projet<\/td><td class=\"has-text-align-left\" data-align=\"left\">patrick.giroux@insa-rouen.fr<\/td><\/tr><tr><td class=\"has-text-align-left\" data-align=\"left\">S\u00e9bastien Adam<\/td><td class=\"has-text-align-left\" data-align=\"left\">Conseil Scientifique<\/td><td class=\"has-text-align-left\" data-align=\"left\">sebastien.adam@univ-rouen.fr<\/td><\/tr><tr><td class=\"has-text-align-left\" data-align=\"left\">Miriam Benballa<\/td><td class=\"has-text-align-left\" data-align=\"left\">Conseil Scientifique<\/td><td class=\"has-text-align-left\" data-align=\"left\">miriam@saagie.com<\/td><\/tr><tr><td class=\"has-text-align-left\" data-align=\"left\">Simon Bernard<\/td><td class=\"has-text-align-left\" data-align=\"left\">Conseil Scientifique<\/td><td class=\"has-text-align-left\" data-align=\"left\">simon.bernard@univ-rouen.fr<\/td><\/tr><tr><td class=\"has-text-align-left\" data-align=\"left\">Romain H\u00e9rault<\/td><td class=\"has-text-align-left\" data-align=\"left\">Conseil Scientifique<\/td><td class=\"has-text-align-left\" data-align=\"left\">romain.herault@insa-rouen.fr<\/td><\/tr><tr><td class=\"has-text-align-left\" data-align=\"left\">Romain Modzelewski<\/td><td class=\"has-text-align-left\" data-align=\"left\">Conseil Scientifique<\/td><td class=\"has-text-align-left\" data-align=\"left\">romain.modzelewski@chb.unicancer.fr<\/td><\/tr><tr><td class=\"has-text-align-left\" data-align=\"left\">Thierry Paquet<\/td><td class=\"has-text-align-left\" data-align=\"left\">Conseil Scientifique<\/td><td class=\"has-text-align-left\" data-align=\"left\">thierry.paquet@univ-rouen.fr<\/td><\/tr><tr><td class=\"has-text-align-left\" data-align=\"left\">Alexandre Pauchet<\/td><td class=\"has-text-align-left\" data-align=\"left\">Conseil Scientifique<\/td><td class=\"has-text-align-left\" data-align=\"left\">alexandre.pauchet@insa-rouen.fr<\/td><\/tr><tr><td class=\"has-text-align-left\" data-align=\"left\">Baptiste Bourgeaux<\/td><td class=\"has-text-align-left\" data-align=\"left\">Ing. de Recherche<\/td><td class=\"has-text-align-left\" data-align=\"left\">baptiste.bourgeaux@insa-rouen.fr<\/td><\/tr><tr><td class=\"has-text-align-left\" data-align=\"left\">Tsiry Mayet<\/td><td class=\"has-text-align-left\" data-align=\"left\">Doctorant<\/td><td class=\"has-text-align-left\" data-align=\"left\">tsiry.mayet@insa-rouen.fr<\/td><\/tr><tr><td class=\"has-text-align-left\" data-align=\"left\">Le Shan Shui Yang<\/td><td class=\"has-text-align-left\" data-align=\"left\">Doctorant<\/td><td class=\"has-text-align-left\" data-align=\"left\">leshanshui.yang@saagie.com<\/td><\/tr><\/tbody><\/table><\/figure>\n","protected":false},"excerpt":{"rendered":"<p>Nom et Pr\u00e9nom R\u00f4le E-mail Cl\u00e9ment Chatelain Directeur clement.chatelain@insa-rouen.fr Julien Villemeur Co-Directeur julien.villemeur@saagie.com Patrick Giroux Chef de Projet patrick.giroux@insa-rouen.fr S\u00e9bastien Adam Conseil Scientifique sebastien.adam@univ-rouen.fr Miriam Benballa Conseil Scientifique miriam@saagie.com Simon Bernard Conseil Scientifique simon.bernard@univ-rouen.fr Romain H\u00e9rault Conseil Scientifique romain.herault@insa-rouen.fr Romain &hellip; <a href=\"https:\/\/projets.litislab.fr\/llisa\/presentation\/equipe\/\">Continuer la lecture <span class=\"meta-nav\">&rarr;<\/span><\/a><\/p>\n","protected":false},"author":1,"featured_media":0,"parent":7,"menu_order":1,"comment_status":"closed","ping_status":"closed","template":"onecolumn-page.php","meta":{"footnotes":""},"class_list":["post-49","page","type-page","status-publish","hentry"],"_links":{"self":[{"href":"https:\/\/projets.litislab.fr\/llisa\/wp-json\/wp\/v2\/pages\/49","targetHints":{"allow":["GET"]}}],"collection":[{"href":"https:\/\/projets.litislab.fr\/llisa\/wp-json\/wp\/v2\/pages"}],"about":[{"href":"https:\/\/projets.litislab.fr\/llisa\/wp-json\/wp\/v2\/types\/page"}],"author":[{"embeddable":true,"href":"https:\/\/projets.litislab.fr\/llisa\/wp-json\/wp\/v2\/users\/1"}],"replies":[{"embeddable":true,"href":"https:\/\/projets.litislab.fr\/llisa\/wp-json\/wp\/v2\/comments?post=49"}],"version-history":[{"count":3,"href":"https:\/\/projets.litislab.fr\/llisa\/wp-json\/wp\/v2\/pages\/49\/revisions"}],"predecessor-version":[{"id":52,"href":"https:\/\/projets.litislab.fr\/llisa\/wp-json\/wp\/v2\/pages\/49\/revisions\/52"}],"up":[{"embeddable":true,"href":"https:\/\/projets.litislab.fr\/llisa\/wp-json\/wp\/v2\/pages\/7"}],"wp:attachment":[{"href":"https:\/\/projets.litislab.fr\/llisa\/wp-json\/wp\/v2\/media?parent=49"}],"curies":[{"name":"wp","href":"https:\/\/api.w.org\/{rel}","templated":true}]}}