{"id":68,"date":"2024-11-05T08:59:48","date_gmt":"2024-11-05T07:59:48","guid":{"rendered":"https:\/\/projets.litislab.fr\/llisa\/?page_id=68"},"modified":"2024-11-05T23:39:31","modified_gmt":"2024-11-05T22:39:31","slug":"t2-formalisation-et-experimentation-mlops","status":"publish","type":"page","link":"https:\/\/projets.litislab.fr\/llisa\/presentation\/feuille-de-route\/t2-formalisation-et-experimentation-mlops\/","title":{"rendered":"T2 &#8211; Formalisation et exp\u00e9rimentation MLOps"},"content":{"rendered":"\n<p class=\"has-medium-font-size\" style=\"text-decoration:underline\"><strong>Objectif :<\/strong><\/p>\n\n\n\n<p>Profiter des travaux exp\u00e9rimentaux et projets du laboratoire commun pour mettre en \u0153uvre et \u00e9valuer, chaque fois que possible, des pratiques et des outils MLOps. Capitaliser l\u2019exp\u00e9rience, identifier les apports et les limitations, formaliser les besoins mis en \u00e9vidence et sp\u00e9cifier des fonctionnalit\u00e9s d\u2019automatisation ou de support \u00e0 la mise en \u0153uvre des pratiques retenues (en vue d\u2019une int\u00e9gration dans le produit Saagie).<\/p>\n\n\n\n<p class=\"has-medium-font-size\" style=\"text-decoration:underline\"><strong>Approche :<\/strong><\/p>\n\n\n\n<p>Utilisation de pratiques agiles de collaboration et de communication MLOps pour la r\u00e9alisation de l\u2019ensemble des travaux du laboratoire et capitalisation des retours d\u2019exp\u00e9riences.<\/p>\n\n\n\n<p class=\"has-medium-font-size\" style=\"text-decoration:underline\"><strong>Planification :<\/strong><\/p>\n\n\n\n<p style=\"font-size:18px;text-decoration:none\"><strong>T2.1 : D\u00e9ploiement et prise en main de la plateforme Saagie<\/strong><\/p>\n\n\n\n<div class=\"wp-block-group is-nowrap is-layout-flex wp-container-core-group-is-layout-ad2f72ca wp-block-group-is-layout-flex\" style=\"font-size:15px\">\n<p style=\"text-decoration:underline\"><strong>D\u00e9but :<\/strong><\/p>\n\n\n\n<p>01\/07\/2021<\/p>\n\n\n\n<p><\/p>\n\n\n\n<p style=\"text-decoration:underline\"><strong>Fin :<\/strong><\/p>\n\n\n\n<p>30\/06\/2022<\/p>\n<\/div>\n\n\n\n<p style=\"text-decoration:underline\"><strong>Description :<\/strong><\/p>\n\n\n\n<p>D\u00e9ploiement, formation et prise en main de la plate-forme Saagie par les chercheurs du LITIS.<\/p>\n\n\n\n<p style=\"font-size:18px;text-decoration:none\"><strong>T2.2 : Exp\u00e9rimentation et \u00e9valuation de frameworks MLOps<\/strong><\/p>\n\n\n\n<div class=\"wp-block-group is-nowrap is-layout-flex wp-container-core-group-is-layout-ad2f72ca wp-block-group-is-layout-flex\" style=\"font-size:15px\">\n<p style=\"text-decoration:underline\"><strong>D\u00e9but :<\/strong><\/p>\n\n\n\n<p>01\/07\/2022<\/p>\n\n\n\n<p><\/p>\n\n\n\n<p style=\"text-decoration:underline\"><strong>Fin :<\/strong><\/p>\n\n\n\n<p>30\/06\/2025<\/p>\n<\/div>\n\n\n\n<p style=\"text-decoration:underline\"><strong>Description :<\/strong><\/p>\n\n\n\n<p>Description : Mise en \u0153uvre et utilisation exp\u00e9rimentale d\u2019outils ou de frameworks orient\u00e9s MLOps (cf. Metaflow, MLflow, etc. ) sur des \u00e9tudes ou projets du laboratoire commun.<\/p>\n","protected":false},"excerpt":{"rendered":"<p>Objectif : Profiter des travaux exp\u00e9rimentaux et projets du laboratoire commun pour mettre en \u0153uvre et \u00e9valuer, chaque fois que possible, des pratiques et des outils MLOps. Capitaliser l\u2019exp\u00e9rience, identifier les apports et les limitations, formaliser les besoins mis en &hellip; <a href=\"https:\/\/projets.litislab.fr\/llisa\/presentation\/feuille-de-route\/t2-formalisation-et-experimentation-mlops\/\">Continuer la lecture <span class=\"meta-nav\">&rarr;<\/span><\/a><\/p>\n","protected":false},"author":1,"featured_media":0,"parent":55,"menu_order":0,"comment_status":"closed","ping_status":"closed","template":"onecolumn-page.php","meta":{"footnotes":""},"class_list":["post-68","page","type-page","status-publish","hentry"],"_links":{"self":[{"href":"https:\/\/projets.litislab.fr\/llisa\/wp-json\/wp\/v2\/pages\/68","targetHints":{"allow":["GET"]}}],"collection":[{"href":"https:\/\/projets.litislab.fr\/llisa\/wp-json\/wp\/v2\/pages"}],"about":[{"href":"https:\/\/projets.litislab.fr\/llisa\/wp-json\/wp\/v2\/types\/page"}],"author":[{"embeddable":true,"href":"https:\/\/projets.litislab.fr\/llisa\/wp-json\/wp\/v2\/users\/1"}],"replies":[{"embeddable":true,"href":"https:\/\/projets.litislab.fr\/llisa\/wp-json\/wp\/v2\/comments?post=68"}],"version-history":[{"count":1,"href":"https:\/\/projets.litislab.fr\/llisa\/wp-json\/wp\/v2\/pages\/68\/revisions"}],"predecessor-version":[{"id":69,"href":"https:\/\/projets.litislab.fr\/llisa\/wp-json\/wp\/v2\/pages\/68\/revisions\/69"}],"up":[{"embeddable":true,"href":"https:\/\/projets.litislab.fr\/llisa\/wp-json\/wp\/v2\/pages\/55"}],"wp:attachment":[{"href":"https:\/\/projets.litislab.fr\/llisa\/wp-json\/wp\/v2\/media?parent=68"}],"curies":[{"name":"wp","href":"https:\/\/api.w.org\/{rel}","templated":true}]}}