{"id":21,"date":"2016-10-11T16:49:51","date_gmt":"2016-10-11T14:49:51","guid":{"rendered":"https:\/\/projets.litislab.fr\/plair\/?page_id=21"},"modified":"2024-11-17T21:54:51","modified_gmt":"2024-11-17T20:54:51","slug":"manifestations-scientifiques","status":"publish","type":"page","link":"https:\/\/projets.litislab.fr\/plair\/manifestations-scientifiques\/","title":{"rendered":"MANIFESTATIONS SCIENTIFIQUES"},"content":{"rendered":"<h3>29\/11\/2016 &#8211; Workshop de fin de projet PlaIR 2.0<\/h3>\n<p><em><strong>Mardi 29 Novembre \u00e0 l&rsquo;universit\u00e9 de Rouen, campus du Madrillet, amphith\u00e9atre A<\/strong><\/em><\/p>\n<p><strong>Journ\u00e9e \u00ab\u00a0Plateforme d&rsquo;Indexation Regionale 2.0\u00a0\u00bb<\/strong><\/p>\n<p>La participation \u00e0 cette journ\u00e9e est gratuite et ouverte \u00e0 tou-te-s mais, pour faciliter l&rsquo;organisation,une inscription par mail \u00e0 <a href=\"mailto:Sandra.Hague@insa-rouen.fr\">Sandra.Hague@insa-rouen.fr<\/a> est demand\u00e9e avant le 22 novembre 2016.<\/p>\n<p><em>Programme:<\/em><\/p>\n<ul>\n<li>9h30\u00a0: Accueil<\/li>\n<li>10h\u00a0: Introduction \u00e0 la journ\u00e9e<\/li>\n<li>10h15\u00a0: \u00ab\u00a0<strong>L\u2019acc\u00e8s \u00e0 la jurisprudence : pr\u00e9sentation de la base de donn\u00e9es JurisData. Evolutions et perspectives<\/strong>\u00a0\u00bb (Val\u00e9rie Sicot, Responsable de la R\u00e9daction JurisData chez LexisNexis) [<a href=\"https:\/\/projets.litislab.fr\/plair\/wp-content\/uploads\/sites\/21\/2024\/11\/Lacces-a-la-jurisprudence_presentation-de-la-base-de-donnees-JurisData_Evolutions-et-perspectives.pdf\" target=\"_blank\" rel=\"noopener\">slides<\/a>]<\/li>\n<li>10h45\u00a0: Le projet \u00ab\u00a0<strong>Plateforme d&rsquo;Indexation R\u00e9gionale 2.0<\/strong>\u00a0\u00bb (Laurent Vercouter, LITIS, INSA Rouen) [<a href=\"https:\/\/projets.litislab.fr\/plair\/wp-content\/uploads\/sites\/21\/2024\/11\/PlaIR2-PlaiDIT-161129.pdf\" target=\"_blank\" rel=\"noopener\">slides<\/a>]<\/li>\n<li>11h00 : \u00ab <strong>Les Bases de donn\u00e9es IDIT\u00a0: apports du projet PlaIR<\/strong> \u00bb (Ludovic Couturier, IDIT &amp; Laurent Vercouter, LITIS, INSA Rouen) [slides]<\/li>\n<li>11h30 : \u00ab\u00a0<strong>Navigation personnalis\u00e9e dans un corpus documentaire<\/strong>\u00a0\u00bb (Zina EL Guedria, LITIS, INSA Rouen)\u00a0[slides]<\/li>\n<li>11h45 : \u00ab <strong>Une aide \u00e0 l\u2019interpr\u00e9tation pour une prise de d\u00e9cision intelligente<\/strong>\u00a0\u00bb (Fadila Taleb, LITIS, Universit\u00e9 de Rouen)\u00a0[slides]<\/li>\n<\/ul>\n<p><em>12h00\u00a0: D\u00e9jeuner<\/em><\/p>\n<ul>\n<li>13h30\u00a0: \u00ab <strong>Quelques applications industrielles actuelles et \u00e0 venir de la fouille de texte m\u00e9dicaux<\/strong>\u00a0\u00bb (David Delerue, Alicante)\u00a0[slides]<\/li>\n<li>14h00\u00a0: \u00ab <strong>Un serveur acad\u00e9mique 3M (multi terminologique, multi discipline, multi lingue)<\/strong>\u00a0\u00bb (Stefan Darmoni, LITIS, CHU de Rouen)\u00a0[slides]<\/li>\n<li>14h30\u00a0: \u00ab\u00a0<strong>Recherche d&rsquo;information dans les donn\u00e9es cliniques et omiques au sein du Dossier Patient Informatis\u00e9<\/strong>\u00a0\u00bb (Chlo\u00e9 Cabot, LITIS, CHU de Rouen)\u00a0[<a href=\"https:\/\/projets.litislab.fr\/plair\/wp-content\/uploads\/sites\/21\/2024\/11\/plair_workshop_29_11_16_C_Cabot.pdf\" target=\"_blank\" rel=\"noopener\">slides<\/a>]<\/li>\n<\/ul>\n<p><em>14h45\u00a0: Pause<\/em><\/p>\n<ul>\n<li>15h00\u00a0: \u00ab\u00a0<strong>Reconnaissance d\u2019\u00e9criture manuscrite : un probl\u00e8me r\u00e9solu ?<\/strong>\u00a0\u00bb (Christopher Kermorvant, TEKLIA &#8211; Machine Learning Agency)\u00a0[<a href=\"https:\/\/owncloud.kermorvant.org\/index.php\/s\/DE9b592V79kaT6C\">slides<\/a>]<\/li>\n<li>15h30\u00a0: \u00ab\u00a0<strong>Num\u00e9risation intelligente du document<\/strong>\u00a0\u00bb (Thierry Paquet, LITIS, Universit\u00e9 de Rouen)<\/li>\n<li>16h00\u00a0: \u00ab<strong>\u00a0De\u0301tection de patterns dans les documents anciens\u00a0<\/strong>\u00bb (Laurent Heutte, LITIS, Universit\u00e9 de Rouen)\u00a0[slides]<\/li>\n<li>16h15\u00a0: Cl\u00f4ture de la journ\u00e9e<\/li>\n<\/ul>\n<p>28\/06\/2016 &#8211; Inauguration du d\u00e9monstrateur PIVAJ<\/p>\n<p>Le projet PlaIR est heureux de vous convier vendredi 28 juin \u00e0 l&rsquo;inauguration du d\u00e9monstrateur PIVAJ, une solution web permettant la consultation avanc\u00e9e des archives num\u00e9ris\u00e9es du Journal de Rouen.<\/p>\n<p><a href=\"http:\/\/plair-event.univ-rouen.fr\/\">Renseignements et inscription<\/a><\/p>\n<p><img loading=\"lazy\" decoding=\"async\" class=\"aligncenter wp-image-43\" src=\"https:\/\/projets.litislab.fr\/plair\/wp-content\/uploads\/sites\/21\/2024\/11\/proto-768x377-1.jpg\" alt=\"\" width=\"592\" height=\"291\" srcset=\"https:\/\/projets.litislab.fr\/plair\/wp-content\/uploads\/sites\/21\/2024\/11\/proto-768x377-1.jpg 768w, https:\/\/projets.litislab.fr\/plair\/wp-content\/uploads\/sites\/21\/2024\/11\/proto-768x377-1-300x147.jpg 300w\" sizes=\"auto, (max-width: 592px) 100vw, 592px\" \/><\/p>\n<p data-wp-editing=\"1\">3\/4\/2012 Plateforme d&rsquo;Indexation R\u00e9gionale de Haute Normandie<\/p>\n<p class=\"sectionedit2\">LITIS, Universit\u00e9 de Rouen<\/p>\n<p>Ce workshop aura lieu sur le campus du Madrillet, UFR des Sciences, Saint Etienne du Rouvray<\/p>\n<p><strong>Amphith\u00e9atre C<\/strong><\/p>\n<p><strong>Programme<\/strong><\/p>\n<ul>\n<li class=\"level1\">\n<div class=\"li\">9h30-9h55 : Accueil<\/div>\n<\/li>\n<li class=\"level1\">\n<div class=\"li\">9h55-10h00 : Thierry Paquet &amp; St\u00e9fan Darmoni<\/div>\n<ul>\n<li class=\"level7\">\n<div class=\"li\">Introduction<\/div>\n<\/li>\n<\/ul>\n<\/li>\n<li class=\"level1\">\n<div class=\"li\">10h00 : Pierre Zweigenbaum<\/div>\n<ul>\n<li class=\"level7\">\n<div class=\"li\">Traitement Automatique du Langage Naturel en Sant\u00e9<\/div>\n<\/li>\n<\/ul>\n<\/li>\n<li class=\"level1\">\n<div class=\"li\">10h30 : Herv\u00e9 D\u00e9jean\u00a0(XRCE, Grenoble)<\/div>\n<ul>\n<li class=\"level6\">\n<div class=\"li\">La Grille typographique : ses usages en reconnaissance de document<\/div>\n<\/li>\n<\/ul>\n<\/li>\n<\/ul>\n<ul>\n<li class=\"level1\">\n<div class=\"li\">11h00 : Pause<\/div>\n<\/li>\n<\/ul>\n<ul>\n<li class=\"level1\">\n<div class=\"li\">11h30\u00a0: T. Merabti (CISMeF, CHU de Rouen, Universit\u00e9 de Rouen)<\/div>\n<ul>\n<li class=\"level6\">\n<div class=\"li\">Le Portail multi-Terminologique multi-disciplines inter-lingues en sant\u00e9<\/div>\n<\/li>\n<\/ul>\n<\/li>\n<li class=\"level1\">\n<div class=\"li\">12h00\u00a0: T. Palfray &amp; S. Nicolas (LITIS, Universit\u00e9 de Rouen)<\/div>\n<ul>\n<li class=\"level6\">\n<div class=\"li\">Le portail de consultation des archives num\u00e9ris\u00e9es du journal de Rouen<\/div>\n<\/li>\n<\/ul>\n<\/li>\n<li class=\"level1\">\n<div class=\"li\">12h30 : Ludovic Couturier &#8211; Institut du Droit International des Transports<\/div>\n<ul>\n<li class=\"level6\">\n<div class=\"li\">Aide \u00e0 l\u2019interpr\u00e9tation de documents \u00e9lectroniques : application aux documents juridiques<\/div>\n<\/li>\n<\/ul>\n<\/li>\n<li class=\"level1\">\n<div class=\"li\">12h45 : Marie-Christine Jaulent\u00a0(INSERM Paris)<\/div>\n<ul>\n<li class=\"level6\">\n<div class=\"li\">L&rsquo;\u00e9quipe \u201cing\u00e9nierie des connaissances en Sant\u00e9\u201d et le projet LIMICS<\/div>\n<\/li>\n<\/ul>\n<\/li>\n<\/ul>\n<ul>\n<li class=\"level1\">\n<div class=\"li\">13h00 : Pause d\u00e9jeuner<\/div>\n<\/li>\n<\/ul>\n<ul>\n<li class=\"level1\">\n<div class=\"li\">14h00 : Genevi\u00e8ve CRON &#8211; Biblioth\u00e8que nationale de France,<\/div>\n<ul>\n<li class=\"level6\">\n<div class=\"li\">Les projets de recherche en num\u00e9risation et en reconnaissance de caract\u00e8res \u00e0 la BnF<\/div>\n<\/li>\n<\/ul>\n<\/li>\n<li class=\"level1\">\n<div class=\"li\">14h15 : Nathalie Chaignaud &#8211; LITIS,<\/div>\n<ul>\n<li class=\"level6\">\n<div class=\"li\">Indexation et recherche conceptuelles de documents p\u00e9dagogiques guid\u00e9es par la structure de Wikip\u00e9dia<\/div>\n<\/li>\n<\/ul>\n<\/li>\n<li class=\"level1\">\n<div class=\"li\">14h30 : Eric Delamotte, Universit\u00e9 de Rouen<\/div>\n<ul>\n<li class=\"level6\">\n<div class=\"li\">Le document, la biblioth\u00e8que et la carte<\/div>\n<\/li>\n<\/ul>\n<\/li>\n<li class=\"level1\">\n<div class=\"li\">14h45 : Elisabeth Lalou (Groupe de recherche d\u2019Histoire, EA 3831)<\/div>\n<ul>\n<li class=\"level6\">\n<div class=\"li\">Le document m\u00e9di\u00e9val dans le projet DocExplore<\/div>\n<\/li>\n<\/ul>\n<\/li>\n<li class=\"level1\">\n<div class=\"li\">15h00 : Ga\u00ebl Dias, Nadine Lucas (GREYC &#8211; UMR CNRS &#8211; Caen)<\/div>\n<ul>\n<li class=\"level6\">\n<div class=\"li\">Recherche d&rsquo;Information Intelligente et Document Num\u00e9rique<\/div>\n<\/li>\n<\/ul>\n<\/li>\n<li class=\"level1\">\n<div class=\"li\">15h15 : Pascal Buleon, Maison de la Recherche en Sciences Humaines (Caen)<\/div>\n<ul>\n<li class=\"level6\">\n<div class=\"li\">Le projet Numnie<\/div>\n<\/li>\n<\/ul>\n<\/li>\n<\/ul>\n<ul>\n<li class=\"level1\">\n<div class=\"li\">15h30 : Table Ronde<\/div>\n<\/li>\n<\/ul>\n<h3 id=\"recent_developments_in_ocr_for_digital_libraries\" class=\"sectionedit3\">31\/3\/2011 &#8211; Recent developments in OCR for Digital Libraries<\/h3>\n<div class=\"level1\">\n<p>LITIS, UFR des Sciences, Campus du Madrillet<\/p>\n<p>Cette journ\u00e9e fait le bilan des d\u00e9veloppements r\u00e9cents ou en cours dans le domaine des syst\u00e8mes de reconnaissance optique de caract\u00e8res (OCR), r\u00e9alis\u00e9s dans le cadre de diff\u00e9rents projets de num\u00e9risation de documents pour les biblioth\u00e8ques num\u00e9riques. Le programme s\u2019articule autour de plusieurs contributions \u00e9manant du projet europ\u00e9en <a class=\"urlextern\" title=\"http:\/\/www.impact-project.eu\/\" href=\"http:\/\/www.impact-project.eu\/\" rel=\"nofollow\">IMPACT (IMProving ACcess to Text)<\/a> et du projet ANR <a class=\"urlextern\" title=\"http:\/\/navidomass.univ-lr.fr\/\" href=\"http:\/\/navidomass.univ-lr.fr\/\" rel=\"nofollow\">NAVIDOMASS<\/a>. Le programme de la journ\u00e9e s\u2019adresse aussi bien aux professionnels des biblioth\u00e8ques, des archives, qu\u2019\u00e0 toute personne (industriels, chercheur, \u00e9tudiant) impliqu\u00e9s dans le d\u00e9veloppement de logiciels de num\u00e9risation de documents anciens.<\/p>\n<p>This one day workshop disseminate the latest progress achieved in the field of Optical Character Recognition systems (OCR) within the framework of various digitization projects for Digital Libraries. The program is build with the contributions from the EU funded project <a class=\"urlextern\" title=\"http:\/\/www.impact-project.eu\/\" href=\"http:\/\/www.impact-project.eu\/\" rel=\"nofollow\">IMPACT (IMProving ACcess to Text)<\/a>, the French ANR Funded project <a class=\"urlextern\" title=\"http:\/\/navidomass.univ-lr.fr\/\" href=\"http:\/\/navidomass.univ-lr.fr\/\" rel=\"nofollow\">NAVIDOMASS<\/a>. The program will be attractive for end user from libraries, archives services and researchers in the field of Digital Humanities, as well as researchers and industrial practionners involved in the developments of digitisationsoftwares and tools to deal with old documents.<\/p>\n<p><strong>Organizers :<\/strong> Genevi\u00e8ve Cron <a class=\"urlextern\" title=\"http:\/\/www.bnf.fr\" href=\"http:\/\/www.bnf.fr\/\" rel=\"nofollow\">BnF<\/a> &#8211; Thierry Paquet <a class=\"urlextern\" title=\"http:\/\/www.litislab.eu\" href=\"http:\/\/www.litislab.eu\/\" rel=\"nofollow\">LITIS<\/a><\/p>\n<p><a class=\"media mediafile mf_ wikilink2\" title=\"vimeo_22073528\" href=\"http:\/\/www.plair.org\/plair\/lib\/exe\/fetch.php?media=vimeo_22073528\">vimeo_22073528<\/a><\/p>\n<p>You can focus on each topic and view the <strong>videos<\/strong> and <strong>PDF<\/strong> of each talk by clicking on theses links :<\/p>\n<ol>\n<li class=\"level1\">\n<div class=\"li\"><a class=\"wikilink1\" title=\"user_specification\" href=\"http:\/\/www.plair.org\/plair\/doku.php?id=user_specification\">User specification<\/a><\/div>\n<ul>\n<li class=\"level2\">\n<div class=\"li\">IMPACT Centre of Competence by Hidelies Balk and Clemens Neudecker<\/div>\n<\/li>\n<li class=\"level2\">\n<div class=\"li\">Latest Devlopments on BHV project (Virtual Humanistic Libraries) By Pr. Marie-Luce Demonet<\/div>\n<\/li>\n<\/ul>\n<\/li>\n<li class=\"level1\">\n<div class=\"li\"><a class=\"wikilink1\" title=\"recent_developments_in_ocr\" href=\"http:\/\/www.plair.org\/plair\/doku.php?id=recent_developments_in_ocr\">Recent developments in OCR<\/a><\/div>\n<ul>\n<li class=\"level2\">\n<div class=\"li\">ABBYY and IMPACT OCR Introduction and Improvements by Mickael Fuchs<\/div>\n<\/li>\n<li class=\"level2\">\n<div class=\"li\">OCR Adaptation applied to Old Documents by Kamel Ait-Mohand<\/div>\n<\/li>\n<li class=\"level2\">\n<div class=\"li\">Managing OCR for digital libraries By Jean-Pierre Raysz<\/div>\n<\/li>\n<li class=\"level2\">\n<div class=\"li\">Evaluation of OCR performances By Apostolos Antonacopoulos<\/div>\n<\/li>\n<\/ul>\n<\/li>\n<li class=\"level1\">\n<div class=\"li\"><a class=\"wikilink1\" title=\"ocr_and_typography\" href=\"http:\/\/www.plair.org\/plair\/doku.php?id=ocr_and_typography\">OCR and Typography<\/a><\/div>\n<ul>\n<li class=\"level2\">\n<div class=\"li\">Using Pattern Redundancy for Text Transcription and Retrieval By Jean-Yves Ramel<\/div>\n<\/li>\n<li class=\"level2\">\n<div class=\"li\">From lead types to digital tipography By R\u00e9mi Jimenes<\/div>\n<\/li>\n<\/ul>\n<\/li>\n<li class=\"level1\">\n<div class=\"li\"><a class=\"wikilink1\" title=\"ocr_evaluation_verification\" href=\"http:\/\/www.plair.org\/plair\/doku.php?id=ocr_evaluation_verification\">OCR Evaluation &amp; Verification<\/a><\/div>\n<ul>\n<li class=\"level2\">\n<div class=\"li\">OCR at BnF : history, production, projects, research By Genevi\u00e8ve Cron<\/div>\n<\/li>\n<li class=\"level2\">\n<div class=\"li\">Prediction of OCR performance by Ahmed Ben Salah<\/div>\n<\/li>\n<li class=\"level2\">\n<div class=\"li\">Vizualisation and Collaborative Annotation of Online Newspapers by Thomas Palfray<\/div>\n<\/li>\n<li class=\"level2\">\n<div class=\"li\">Digitizing through Crowdsourcing by Ville Miettinen<\/div>\n<\/li>\n<\/ul>\n<\/li>\n<li class=\"level1\">\n<div class=\"li\"><a class=\"wikilink1\" title=\"linguistic_resources_for_ocr\" href=\"http:\/\/www.plair.org\/plair\/doku.php?id=linguistic_resources_for_ocr\">Linguistic Resources for OCR<\/a><\/div>\n<ul>\n<li class=\"level2\">\n<div class=\"li\">Textual and lexical ressources for French in IMPACT by Gilles Souvay<\/div>\n<\/li>\n<li class=\"level2\">\n<div class=\"li\">Ocering and processing Early Modern French texts with adapted tools By Pr. Marie-Luce Demonet<\/div>\n<\/li>\n<\/ul>\n<\/li>\n<\/ol>\n<\/div>\n","protected":false},"excerpt":{"rendered":"<p>29\/11\/2016 &#8211; Workshop de fin de projet PlaIR 2.0 Mardi 29 Novembre \u00e0 l&rsquo;universit\u00e9 de Rouen, campus du Madrillet, amphith\u00e9atre A Journ\u00e9e \u00ab\u00a0Plateforme d&rsquo;Indexation Regionale 2.0\u00a0\u00bb La participation \u00e0 cette journ\u00e9e est gratuite et ouverte \u00e0 tou-te-s mais, pour faciliter l&rsquo;organisation,une inscription par mail \u00e0 Sandra.Hague@insa-rouen.fr est demand\u00e9e avant le 22 novembre 2016. Programme: 9h30\u00a0: &hellip; <a href=\"https:\/\/projets.litislab.fr\/plair\/manifestations-scientifiques\/\" class=\"more-link\">Continuer la lecture de <span class=\"screen-reader-text\">MANIFESTATIONS SCIENTIFIQUES<\/span>  <span class=\"meta-nav\">&rarr;<\/span><\/a><\/p>\n","protected":false},"author":1,"featured_media":0,"parent":0,"menu_order":0,"comment_status":"closed","ping_status":"closed","template":"","meta":{"footnotes":""},"class_list":["post-21","page","type-page","status-publish","hentry"],"_links":{"self":[{"href":"https:\/\/projets.litislab.fr\/plair\/wp-json\/wp\/v2\/pages\/21","targetHints":{"allow":["GET"]}}],"collection":[{"href":"https:\/\/projets.litislab.fr\/plair\/wp-json\/wp\/v2\/pages"}],"about":[{"href":"https:\/\/projets.litislab.fr\/plair\/wp-json\/wp\/v2\/types\/page"}],"author":[{"embeddable":true,"href":"https:\/\/projets.litislab.fr\/plair\/wp-json\/wp\/v2\/users\/1"}],"replies":[{"embeddable":true,"href":"https:\/\/projets.litislab.fr\/plair\/wp-json\/wp\/v2\/comments?post=21"}],"version-history":[{"count":12,"href":"https:\/\/projets.litislab.fr\/plair\/wp-json\/wp\/v2\/pages\/21\/revisions"}],"predecessor-version":[{"id":46,"href":"https:\/\/projets.litislab.fr\/plair\/wp-json\/wp\/v2\/pages\/21\/revisions\/46"}],"wp:attachment":[{"href":"https:\/\/projets.litislab.fr\/plair\/wp-json\/wp\/v2\/media?parent=21"}],"curies":[{"name":"wp","href":"https:\/\/api.w.org\/{rel}","templated":true}]}}