{"id":82,"date":"2018-07-24T21:52:22","date_gmt":"2018-07-24T19:52:22","guid":{"rendered":"https:\/\/projets.litislab.fr\/plair\/?page_id=82"},"modified":"2024-11-17T21:54:51","modified_gmt":"2024-11-17T20:54:51","slug":"projets-connexes-valorisation","status":"publish","type":"page","link":"https:\/\/projets.litislab.fr\/plair\/projets-connexes-valorisation\/","title":{"rendered":"PROJETS CONNEXES, VALORISATION"},"content":{"rendered":"<h3>D\u00e9veloppement de technologies de reconnaissance de textes manuscrits.<\/h3>\n<ul>\n<li><b><i>Fonds de maturation Normandie Universit\u00e9<\/i><\/b> : pour la reconnaissance d\u2019articles de presse contemporaine.<\/li>\n<li><b><i>SOLLYSTIC<\/i><\/b> (contrat CIFRE 2015-2018) : pour la reconnaissance des courriers dans les machines de tri postaux.<\/li>\n<li><b><i>LabCom INKS (2017-2019)<\/i><\/b>: projet ANR de laboratoire commun avec un partenaire industriel normand pour le d\u00e9veloppement de technologies de reconnaissance de notes manuscrites personnelles.<\/li>\n<li><b><i>Projet RAUD<\/i><\/b> (2017-2018) : Financ\u00e9 par la r\u00e9gion Normandie dans le cadre du programme \u00a0RIN Innovation) c\u2019est un projet men\u00e9 en partenariat avec la soci\u00e9t\u00e9 QualitAir et le CRITT Logistique.<\/li>\n<li><b><i>Projet H2020 <a href=\"https:\/\/eurhisfirm.eu\" target=\"_blank\" rel=\"noopener\">EURHISFIRM<\/a> (2018-2020)<\/i><\/b>: dans le cadre du programme Infra-Dev ce projet a pour objectif l\u2019\u00e9tude et la r\u00e9alisation d\u2019un d\u00e9monstrateur en vue de la r\u00e9alisation d\u2019une infrastructure de recherche pour la num\u00e9risation des sources historiques \u00e9conomiques (cotations boursi\u00e8res de soci\u00e9t\u00e9s, registres \u00e9conomiques, presse ancienne etc&#8230;)<\/li>\n<li><b><i>Projet ANR <a href=\"https:\/\/anr.fr\/Projet-ANR-17-CE38-0007\" target=\"_blank\" rel=\"noopener\">HBDEX<\/a> (2018-2021)<\/i><\/b> : num\u00e9risation de masse des cotations boursi\u00e8res historiques des march\u00e9s de Paris et autres march\u00e9s de province.<\/li>\n<\/ul>\n<h3>Fouille et annotation des textes en sant\u00e9.<\/h3>\n<ul>\n<li>HeTOP a \u00e9t\u00e9 choisi comme serveur de r\u00e9f\u00e9rentiels au<strong> CHU de Rouen<\/strong> depuis janvier 2017. Il est \u00e9galement sur le point d\u2019\u00eatre utilis\u00e9 dans le <strong>projet europ\u00e9en C3-Cloud<\/strong>.<\/li>\n<li>Par ailleurs, HeTOP a \u00e9t\u00e9 r\u00e9cemment pr\u00e9sent\u00e9 aux\u00a0<a href=\"https:\/\/www.meetup.com\/fr-FR\/paris-web-of-data\/events\/239108245\/\" target=\"_blank\" rel=\"noopener\">Rencontres du Web de Donn\u00e9es<\/a>\u00a0\u00e0 Paris le 23 mai 2017.<\/li>\n<li>HeTOP a \u00e9t\u00e9 choisi comme serveur de terminologies par le consortium du <strong>projet ANR ApiAppS<\/strong> (ANR 2018 \u2013 2021)<\/li>\n<li><a href=\"http:\/\/www.chu-rouen.fr\/cismef\/\" target=\"_blank\" rel=\"noopener\">CISMeF<\/a>\u00a0a pour objectif le Catalogage et l\u2019Indexation des Sites M\u00e9dicaux de langue Fran\u00e7aise (acronyme : CISMeF) accessibles sur l\u2019Internet.<\/li>\n<li><a href=\"https:\/\/www.lissa.fr\" target=\"_blank\" rel=\"noopener\">LiSSa : Litt\u00e9rature Scientifique en Sant\u00e9<\/a><\/li>\n<\/ul>\n<h3>L&rsquo;Intelligence Artificielle au service de l&rsquo;interpr\u00e9tation des textes en droit international des transports.<\/h3>\n<ul>\n<li>Participation \u00e0 l\u2019\u00e9cole d\u2019\u00e9t\u00e9 Web Intelligence en 2015 <a href=\"https:\/\/wiss.univ-st-etienne.fr\/\" target=\"_blank\" rel=\"noopener\">: https:\/\/wiss.univ-st-etienne.fr<\/a><\/li>\n<li>Organisation du workshop \u00ab Web Intelligence &amp; Communities \u00bb lors de la conf\u00e9rence WWW 2016 \u00e0 Montr\u00e9al (<a href=\"http:\/\/wic.litislab.fr\/\" target=\"_blank\" rel=\"noopener\">http:\/\/wic.litislab.fr<\/a>)<\/li>\n<li>Participation \u00e0 l\u2019<a href=\"https:\/\/mshe.univ-fcomte.fr\/la-mshe\/actualites\/275-ecole-thematique-cnrs-misat\" target=\"_blank\" rel=\"noopener\">\u00e9cole th\u00e9matique CNRS \u00ab\u00a0M\u00e9thodes Informatiques et Statistiques en Analyse des Textes<\/a>\u00a0\u00bb (MISAT) \u00e0 Besan\u00e7on, juin 2016<\/li>\n<li>Symposiun MormaStic \u00ab\u00a0Bilan de l\u2019intelligence : quelle place pour les utilisateurs les langues et les cultures dans les environnements num\u00e9riques de travail ?\u00a0\u00bb, juin 2016<\/li>\n<\/ul>\n<h3>Technologies web pour l&rsquo;\u00e9dition critique de grands corpus \u00e9crits.<\/h3>\n<ul>\n<li><a href=\"https:\/\/eurosoc.hypotheses.org\/\" target=\"_blank\" rel=\"noopener\">Projet EUROSOC<\/a><\/li>\n<li><a href=\"http:\/\/www.prefectures-regions.gouv.fr\/normandie\/Grands-dossiers\/CPER-CPIER\/Contrat-de-Plan-Interregional-Etat-Regions-Vallee-de-Seine-2015-2020-CPIER\/La-strategie-de-developpement-de-la-vallee-de-la-Seine\/Les-3-axes-principaux-du-CPIER\/#titre\" target=\"_blank\" rel=\"noopener\">CPIER Vall\u00e9e de la Seine<\/a><\/li>\n<li>Suite \u00e0 une premi\u00e8re rencontre avec la biblioth\u00e8que de Rouen puis les archives d\u00e9partementales de Seine-Maritime (AD76), le processus de contractualisation est en cours pour cette premi\u00e8re, en lien avec le CPIER Digital Paris-Normandie. L\u2019IRIHS a particip\u00e9 dans ce cadre \u00e0 la formation \u201cmarque blanche\u201d organis\u00e9e par la BnF et accueillie par la Ville de Rouen.<\/li>\n<li>Les AD76 ont par ailleurs donn\u00e9 leur accord sur le principe d\u2019un processus de contractualisation.<\/li>\n<li>L\u2019IRIHS est par ailleurs invit\u00e9 \u00e0 r\u00e9aliser une communication sur la Biblioth\u00e8que David Ho\u00fcard en septembre 2018 dans le cadre du S\u00e9minaire organis\u00e9 par la <a href=\"http:\/\/www.unicaen.fr\/recherche\/mrsh\/\" target=\"_blank\" rel=\"noopener\">MrSH<\/a>\u00a0de Caen en collaboration avec la DRAC et le CRL notamment.<\/li>\n<li><a href=\"https:\/\/droit-normand.nakalona.fr\/\" target=\"_blank\" rel=\"noopener\">Biblioth\u00e8que David Ho\u00fcard num\u00e9rique de droit normand<\/a><\/li>\n<\/ul>\n<p>La cr\u00e9ation de la <strong>Biblioth\u00e8que David Ho\u00fcard, Biblioth\u00e8que num\u00e9rique de droit normand<\/strong> r\u00e9pond au souci de faciliter l\u2019acc\u00e8s aux sources juridiques normandes de la fin du Moyen \u00c2ge et de l&rsquo;\u00e9poque moderne et \u00e0 la volont\u00e9 de d\u00e9velopper les recherches dans ce domaine.<\/p>\n<ul>\n<li>Journ\u00e9e In(ter)disciplinarit(\u00e9) au prisme des humanit\u00e9s num\u00e9riques, 20 mars 2018. <a href=\"https:\/\/indisciplihn.hypotheses.org\" target=\"_blank\" rel=\"noopener\">Carnet de recherche<\/a>\u00a0et <a href=\"https:\/\/webtv.univ-rouen.fr\/channels\/#interdisciplinarites-au-prisme-des-humanites-numeriques\" target=\"_blank\" rel=\"noopener\">captation vid\u00e9o de la journ\u00e9e<\/a><\/li>\n<\/ul>\n","protected":false},"excerpt":{"rendered":"<p>D\u00e9veloppement de technologies de reconnaissance de textes manuscrits. Fonds de maturation Normandie Universit\u00e9 : pour la reconnaissance d\u2019articles de presse contemporaine. SOLLYSTIC (contrat CIFRE 2015-2018) : pour la reconnaissance des courriers dans les machines de tri postaux. LabCom INKS (2017-2019): projet ANR de laboratoire commun avec un partenaire industriel normand pour le d\u00e9veloppement de technologies &hellip; <a href=\"https:\/\/projets.litislab.fr\/plair\/projets-connexes-valorisation\/\" class=\"more-link\">Continuer la lecture de <span class=\"screen-reader-text\">PROJETS CONNEXES, VALORISATION<\/span>  <span class=\"meta-nav\">&rarr;<\/span><\/a><\/p>\n","protected":false},"author":1,"featured_media":0,"parent":0,"menu_order":0,"comment_status":"closed","ping_status":"closed","template":"","meta":{"footnotes":""},"class_list":["post-82","page","type-page","status-publish","hentry"],"_links":{"self":[{"href":"https:\/\/projets.litislab.fr\/plair\/wp-json\/wp\/v2\/pages\/82","targetHints":{"allow":["GET"]}}],"collection":[{"href":"https:\/\/projets.litislab.fr\/plair\/wp-json\/wp\/v2\/pages"}],"about":[{"href":"https:\/\/projets.litislab.fr\/plair\/wp-json\/wp\/v2\/types\/page"}],"author":[{"embeddable":true,"href":"https:\/\/projets.litislab.fr\/plair\/wp-json\/wp\/v2\/users\/1"}],"replies":[{"embeddable":true,"href":"https:\/\/projets.litislab.fr\/plair\/wp-json\/wp\/v2\/comments?post=82"}],"version-history":[{"count":1,"href":"https:\/\/projets.litislab.fr\/plair\/wp-json\/wp\/v2\/pages\/82\/revisions"}],"predecessor-version":[{"id":83,"href":"https:\/\/projets.litislab.fr\/plair\/wp-json\/wp\/v2\/pages\/82\/revisions\/83"}],"wp:attachment":[{"href":"https:\/\/projets.litislab.fr\/plair\/wp-json\/wp\/v2\/media?parent=82"}],"curies":[{"name":"wp","href":"https:\/\/api.w.org\/{rel}","templated":true}]}}