{"id":91,"date":"2019-01-09T22:08:52","date_gmt":"2019-01-09T21:08:52","guid":{"rendered":"https:\/\/projets.litislab.fr\/plair\/?page_id=91"},"modified":"2024-11-17T21:54:51","modified_gmt":"2024-11-17T20:54:51","slug":"presentation-plair-2-018","status":"publish","type":"page","link":"https:\/\/projets.litislab.fr\/plair\/presentation-plair-2-018\/","title":{"rendered":"Pr\u00e9sentation PlaIR 2.018"},"content":{"rendered":"<p>PlaIR 2.018 (2015-2020) est un projet interdisciplinaire r\u00e9unissant le laboratoire <a href=\"http:\/\/www.litislab.fr\/\" target=\"_blank\" rel=\"noopener\"><strong>LITIS<\/strong><\/a> (Laboratoire d\u2019Informatique Traitement de l\u2019Information et des Syst\u00e8mes) et l\u2019<a href=\"http:\/\/irihs.univ-rouen.fr\/\" target=\"_blank\" rel=\"noopener\"><strong>IRIHS<\/strong><\/a> (Institut de Recherche Interdisciplinaire Homme Soci\u00e9t\u00e9) autour de la question de l\u2019<strong>indexation documentaire<\/strong>. PlaIR 2.018 \u00e9tend les objectifs des projets PlaIR (2009-2012) et PlaIR 2.0 (2013-2016), en s\u2019ouvrant aux humanit\u00e9s num\u00e9riques, notamment dans le domaine du <strong>patrimoine num\u00e9rique <\/strong>et du<strong>\u00a0droit<\/strong>.<\/p>\n<p>PlaIR 2.018 couvre l\u2019ensemble de la cha\u00eene \u00e9ditoriale num\u00e9rique pour <strong>Num\u00e9riser, Transformer, Enrichir, \u00c9diter et Exposer <\/strong>des ressources documentaires. Le projet se d\u00e9cline en 4 actions\u00a0en interaction :<\/p>\n<p><a href=\"https:\/\/projets.litislab.fr\/plair\/wp1-scan-on-demand\/\"><strong>WP1 : Scan On Demand<\/strong><\/a>\u00a0: D\u00e9veloppement de technologies de Machine Learning pour instancier des cha\u00eenes de num\u00e9risation et des moteurs d\u2019indexation de corpus \u00e9crits du patrimoine Normand.<\/p>\n<p><a href=\"https:\/\/projets.litislab.fr\/plair\/wp4-humanites-numeriques\/\"><strong>WP4 : Humanit\u00e9s Num\u00e9riques<\/strong><\/a>\u00a0: Constitution de corpus et d\u00e9veloppement de technologies du web pour l\u2019\u00e9dition critique num\u00e9rique des grands corpus \u00e9crits du patrimoine Normand.<\/p>\n<p><img loading=\"lazy\" decoding=\"async\" class=\"alignnone wp-image-86 size-full\" src=\"https:\/\/projets.litislab.fr\/plair\/wp-content\/uploads\/sites\/21\/2024\/11\/Introduction-768x414-1.png\" alt=\"\" width=\"768\" height=\"414\" srcset=\"https:\/\/projets.litislab.fr\/plair\/wp-content\/uploads\/sites\/21\/2024\/11\/Introduction-768x414-1.png 768w, https:\/\/projets.litislab.fr\/plair\/wp-content\/uploads\/sites\/21\/2024\/11\/Introduction-768x414-1-300x162.png 300w\" sizes=\"auto, (max-width: 768px) 100vw, 768px\" \/><\/p>\n<p>&nbsp;<\/p>\n<p><a href=\"https:\/\/projets.litislab.fr\/plair\/wp2-systemes-dorganisation-de-connaissances-de-sante-soc\/\"><strong>WP2 : SOC de sant\u00e9<\/strong>\u00a0<\/a>: D\u00e9veloppement de Syst\u00e8mes d\u2019Organisation de Connaissances et de Big Data dans le domaine de la sant\u00e9.<\/p>\n<p><a href=\"https:\/\/projets.litislab.fr\/plair\/wp3-acces-personnalise-aux-contenus\/\"><strong>WP3 : Acc\u00e8s personnalis\u00e9 aux contenus<\/strong><\/a>\u00a0: D\u00e9veloppement de technologies d\u2019Intelligence Artificielle pour l\u2019aide \u00e0 l\u2019interpr\u00e9tation des textes r\u00e9glementaires dans le domaine du droit international des transports.<\/p>\n<p><img loading=\"lazy\" decoding=\"async\" class=\"alignnone wp-image-87 size-full\" src=\"https:\/\/projets.litislab.fr\/plair\/wp-content\/uploads\/sites\/21\/2024\/11\/schema-wp2-3.png\" alt=\"\" width=\"795\" height=\"307\" srcset=\"https:\/\/projets.litislab.fr\/plair\/wp-content\/uploads\/sites\/21\/2024\/11\/schema-wp2-3.png 795w, https:\/\/projets.litislab.fr\/plair\/wp-content\/uploads\/sites\/21\/2024\/11\/schema-wp2-3-300x116.png 300w, https:\/\/projets.litislab.fr\/plair\/wp-content\/uploads\/sites\/21\/2024\/11\/schema-wp2-3-768x297.png 768w\" sizes=\"auto, (max-width: 795px) 100vw, 795px\" \/><\/p>\n<p>&nbsp;<\/p>\n","protected":false},"excerpt":{"rendered":"<p>PlaIR 2.018 (2015-2020) est un projet interdisciplinaire r\u00e9unissant le laboratoire LITIS (Laboratoire d\u2019Informatique Traitement de l\u2019Information et des Syst\u00e8mes) et l\u2019IRIHS (Institut de Recherche Interdisciplinaire Homme Soci\u00e9t\u00e9) autour de la question de l\u2019indexation documentaire. PlaIR 2.018 \u00e9tend les objectifs des projets PlaIR (2009-2012) et PlaIR 2.0 (2013-2016), en s\u2019ouvrant aux humanit\u00e9s num\u00e9riques, notamment dans le &hellip; <a href=\"https:\/\/projets.litislab.fr\/plair\/presentation-plair-2-018\/\" class=\"more-link\">Continuer la lecture de <span class=\"screen-reader-text\">Pr\u00e9sentation PlaIR 2.018<\/span>  <span class=\"meta-nav\">&rarr;<\/span><\/a><\/p>\n","protected":false},"author":1,"featured_media":0,"parent":0,"menu_order":0,"comment_status":"closed","ping_status":"closed","template":"","meta":{"footnotes":""},"class_list":["post-91","page","type-page","status-publish","hentry"],"_links":{"self":[{"href":"https:\/\/projets.litislab.fr\/plair\/wp-json\/wp\/v2\/pages\/91","targetHints":{"allow":["GET"]}}],"collection":[{"href":"https:\/\/projets.litislab.fr\/plair\/wp-json\/wp\/v2\/pages"}],"about":[{"href":"https:\/\/projets.litislab.fr\/plair\/wp-json\/wp\/v2\/types\/page"}],"author":[{"embeddable":true,"href":"https:\/\/projets.litislab.fr\/plair\/wp-json\/wp\/v2\/users\/1"}],"replies":[{"embeddable":true,"href":"https:\/\/projets.litislab.fr\/plair\/wp-json\/wp\/v2\/comments?post=91"}],"version-history":[{"count":2,"href":"https:\/\/projets.litislab.fr\/plair\/wp-json\/wp\/v2\/pages\/91\/revisions"}],"predecessor-version":[{"id":128,"href":"https:\/\/projets.litislab.fr\/plair\/wp-json\/wp\/v2\/pages\/91\/revisions\/128"}],"wp:attachment":[{"href":"https:\/\/projets.litislab.fr\/plair\/wp-json\/wp\/v2\/media?parent=91"}],"curies":[{"name":"wp","href":"https:\/\/api.w.org\/{rel}","templated":true}]}}