{"id":16,"date":"2019-02-27T22:06:57","date_gmt":"2019-02-27T21:06:57","guid":{"rendered":"https:\/\/projets.litislab.fr\/sicopad\/?page_id=16"},"modified":"2024-11-10T22:17:07","modified_gmt":"2024-11-10T21:17:07","slug":"contributions-scientifiques","status":"publish","type":"page","link":"https:\/\/projets.litislab.fr\/sicopad\/contributions-scientifiques\/","title":{"rendered":"Contributions scientifiques"},"content":{"rendered":"<p class=\"western\" align=\"justify\">L\u2019objectif du projet est de fournir des mod\u00e8les d\u2019analyse et d\u2019exploitation des donn\u00e9es issues de sources h\u00e9t\u00e9rog\u00e8nes en s\u2019appuyant sur les comp\u00e9tences scientifiques des partenaires du consortium dans les domaines de la d\u00e9tection de comportements, de la th\u00e9orie de la d\u00e9cision et des interactions humain-agent et en statistiques, en compl\u00e9mentarit\u00e9 avec le Centre Henri Becquerel apportant son expertise m\u00e9dicale et l\u2019acc\u00e8s \u00e0 des donn\u00e9es issues d\u2019objets d\u00e9ploy\u00e9s en conditions r\u00e9elles<!-- Et le LMI\u00a0? -->.<\/p>\n<p class=\"western\" align=\"justify\">Les objectifs recherch\u00e9s dans le projet sont les suivants\u00a0:<\/p>\n<ul>\n<li>\n<p class=\"western\" align=\"justify\">analyser l\u2019\u00e9volution temporelle issues de diff\u00e9rentes sources (objets connect\u00e9s, questionnaires remplis par le patient) prises isol\u00e9ment pour d\u00e9finir un mod\u00e8le de comportement normal et un m\u00e9canisme de d\u00e9tection de situation d\u00e9viante\u00a0;<\/p>\n<\/li>\n<li>\n<p class=\"western\" align=\"justify\">proposer un mod\u00e8le d\u2019int\u00e9gration de ces donn\u00e9es dans un profil patient permettant leur mise en relation dans le but d\u2019\u00e9tendre l\u2019efficacit\u00e9 de la d\u00e9tection par la combinaison de signaux faibles\u00a0;<\/p>\n<\/li>\n<li>\n<p class=\"western\" align=\"justify\">d\u00e9finir un syst\u00e8me de prise de d\u00e9cision automatique adaptatif pour la lev\u00e9e d\u2019alertes, initialis\u00e9 avec des r\u00e8gles de d\u00e9cision fournies par des experts professionnels de sant\u00e9, et qui \u00e9voluera en fonction des situations d\u00e9tect\u00e9es pr\u00e9c\u00e9demment pour d\u00e9cider plus pr\u00e9cocement des actions \u00e0 effectuer\u00a0;<\/p>\n<\/li>\n<li>\n<p class=\"western\" align=\"justify\">d\u00e9velopper un agent virtuel interactif substituant les formulaires servant de questionnaires pour que la remont\u00e9e d\u2019information venant du patient soit facilit\u00e9e et contextualis\u00e9e en fonction de sa situation\u00a0;<\/p>\n<\/li>\n<li>\n<p class=\"western\" align=\"justify\">impl\u00e9menter ces mod\u00e8les sur la plate-forme fournie par le Centre Henri Becquerel pour \u00e9valuer, valider et quantifier l\u2019efficacit\u00e9 du syst\u00e8me dans le suivi des patients.<\/p>\n<\/li>\n<\/ul>\n<p>Le projet comporte 4 actions scientifiques.<\/p>\n<p class=\"western\" align=\"justify\"><b>A1\u00a0: Repr\u00e9sentation et d\u00e9tection du profil d\u2019un patient<\/b> (resp. LITIS)\u00a0: cette action vise \u00e0 identifier pr\u00e9cis\u00e9ment les donn\u00e9es collect\u00e9es et \u00e0 proposer un mod\u00e8le de repr\u00e9sentation int\u00e9gratif caract\u00e9risant l\u2019activit\u00e9 et l\u2019\u00e9tat du patient sur une p\u00e9riode donn\u00e9e. Une repr\u00e9sentation sous la forme de syst\u00e8mes dynamiques discrets sera privil\u00e9gi\u00e9e, \u00e9ventuellement sur diff\u00e9rentes \u00e9chelles de temps dans le cas o\u00f9 l\u2019h\u00e9t\u00e9rog\u00e9n\u00e9it\u00e9 des valeurs collect\u00e9es le requiert. L\u2019analyse comparative par un calcul de distance avec des mod\u00e8les de r\u00e9f\u00e9rence permettra d\u2019identifier des situations anormales, tel que cela peut \u00eatre r\u00e9alis\u00e9 dans le domaine de la gestion de la confiance pour la d\u00e9tection d\u2019actions\/agents malicieux.<\/p>\n<p class=\"western\" align=\"justify\"><b>A2\u00a0: Interaction Patient-Agent<\/b> (resp. LITIS)\u00a0: les questionnaires, traditionnellement pr\u00e9sent\u00e9s sous la forme de formulaires, seront remplac\u00e9s par un Agent Conversationnel Anim\u00e9 (ACA) pour faciliter l\u2019interaction avec le patient par une approche dialogique, ainsi que pour adapter la nature des questions pos\u00e9es selon la situation du patient. Une captation de l\u2019\u00e9tat socio-\u00e9motionnel du patient sera effectu\u00e9e, combinant les informations issues de ses r\u00e9ponses et celles d\u00e9tect\u00e9es au travers de ses expressions faciales. Cette d\u00e9tection permettra d\u2019adapter le comportement verbal et non verbal de l\u2019ACA par r\u00e9troaction empathique, afin d\u2019augmenter l\u2019engagement du patient \u00e0 la fois dans l\u2019interaction et dans le suivi de son traitement.<\/p>\n<p class=\"western\" align=\"justify\"><b>A3\u00a0: Prise de d\u00e9cision pour la lev\u00e9e d\u2019alerte<\/b> (resp. GREYC)\u00a0: la lev\u00e9e d\u2019alerte cons\u00e9quente \u00e0 une situation reconnue sera abord\u00e9e sous l\u2019angle d\u2019un syst\u00e8me normatif adaptatif. Les experts m\u00e9dicaux fourniront un premier ensemble de r\u00e8gles qui seront confront\u00e9es aux donn\u00e9es collect\u00e9es et d\u00e9cisions prises de mani\u00e8re \u00e0 pouvoir proposer une \u00e9volution des r\u00e8gles pour une d\u00e9cision plus pr\u00e9coce. Les processus de d\u00e9cision et leur \u00e9volution se feront en impliquant les utilisateurs\u00a0: le patient d\u2019une part pour y int\u00e9grer ses pr\u00e9f\u00e9rences personnelles\u00a0; les professionnels de sant\u00e9 d\u2019autre part pour valider les \u00e9volutions propos\u00e9es en en expliquant les causes. Les informations sur l\u2019\u00e9tat socio-\u00e9motionnel du patient d\u00e9tect\u00e9es lors des interactions avec l\u2019ACA pourront \u00eatre int\u00e9gr\u00e9es \u00e0 cette prise de d\u00e9cision pour la lev\u00e9e d\u2019alerte. R\u00e9ciproquement, une suspicion d\u2019alerte pourrait \u00eatre confirm\u00e9e par un dialogue adapt\u00e9.<\/p>\n<p class=\"western\" align=\"justify\"><b>A4\u00a0: Application au suivi de patients <\/b><b>atteints de cancer et trait\u00e9s par chimioth\u00e9rapie orale<\/b> (resp. LITIS\/CHB)\u00a0: les mod\u00e8les et algorithmes d\u00e9finis dans les actions pr\u00e9c\u00e9dentes seront \u00e9valu\u00e9s dans le cadre d\u2019une impl\u00e9mentation sur la plateforme d\u00e9ploy\u00e9e au Centre Henri Becquerel et d\u2019une analyse des donn\u00e9es collect\u00e9es en conditions r\u00e9elles, celles du suivi de patients trait\u00e9s par chimioth\u00e9rapie orale. La collecte de ces donn\u00e9es par la plateforme est s\u00e9curis\u00e9e, et elles seront anonymis\u00e9es avant leur exploitation. Un environnement d\u2019exp\u00e9rimentation est pr\u00e9vu sous la forme d\u2019un <i>living lab<\/i> h\u00e9berg\u00e9 au Centre Henri Becquerel.<\/p>\n","protected":false},"excerpt":{"rendered":"<p>L\u2019objectif du projet est de fournir des mod\u00e8les d\u2019analyse et d\u2019exploitation des donn\u00e9es issues de sources h\u00e9t\u00e9rog\u00e8nes en s\u2019appuyant sur les comp\u00e9tences scientifiques des partenaires du consortium dans les domaines de la d\u00e9tection de comportements, de la th\u00e9orie de la d\u00e9cision et des interactions humain-agent et en statistiques, en compl\u00e9mentarit\u00e9 avec le Centre Henri Becquerel &hellip; <a href=\"https:\/\/projets.litislab.fr\/sicopad\/contributions-scientifiques\/\" class=\"more-link\">Continuer la lecture<span class=\"screen-reader-text\"> de &laquo;&nbsp;Contributions scientifiques&nbsp;&raquo;<\/span><\/a><\/p>\n","protected":false},"author":1,"featured_media":0,"parent":0,"menu_order":1,"comment_status":"closed","ping_status":"closed","template":"","meta":{"footnotes":""},"class_list":["post-16","page","type-page","status-publish","hentry"],"_links":{"self":[{"href":"https:\/\/projets.litislab.fr\/sicopad\/wp-json\/wp\/v2\/pages\/16","targetHints":{"allow":["GET"]}}],"collection":[{"href":"https:\/\/projets.litislab.fr\/sicopad\/wp-json\/wp\/v2\/pages"}],"about":[{"href":"https:\/\/projets.litislab.fr\/sicopad\/wp-json\/wp\/v2\/types\/page"}],"author":[{"embeddable":true,"href":"https:\/\/projets.litislab.fr\/sicopad\/wp-json\/wp\/v2\/users\/1"}],"replies":[{"embeddable":true,"href":"https:\/\/projets.litislab.fr\/sicopad\/wp-json\/wp\/v2\/comments?post=16"}],"version-history":[{"count":1,"href":"https:\/\/projets.litislab.fr\/sicopad\/wp-json\/wp\/v2\/pages\/16\/revisions"}],"predecessor-version":[{"id":17,"href":"https:\/\/projets.litislab.fr\/sicopad\/wp-json\/wp\/v2\/pages\/16\/revisions\/17"}],"wp:attachment":[{"href":"https:\/\/projets.litislab.fr\/sicopad\/wp-json\/wp\/v2\/media?parent=16"}],"curies":[{"name":"wp","href":"https:\/\/api.w.org\/{rel}","templated":true}]}}